{"id":32,"date":"2024-03-20T18:24:29","date_gmt":"2024-03-20T17:24:29","guid":{"rendered":"https:\/\/lesfousdelauto.org\/?page_id=32"},"modified":"2026-02-05T18:19:48","modified_gmt":"2026-02-05T17:19:48","slug":"bienvenue","status":"publish","type":"page","link":"https:\/\/lesfousdelauto.org\/","title":{"rendered":"Bienvenue"},"content":{"rendered":"\r\n<figure class=\"wp-block-gallery has-nested-images columns-default is-cropped wp-block-gallery-1 is-layout-flex wp-block-gallery-is-layout-flex\"><\/figure>\r\n\r\n\r\n\r\n<p class=\"wp-block-paragraph\" style=\"text-align: center;\">Les Fous de l&rsquo;Auto est une association non lucrative fond\u00e9e en 1997<\/p>\r\n<p style=\"text-align: center;\">\u00e0 Saint Andr\u00e9 de Cubzac.<\/p>\r\n\r\n\r\n\r\n<p class=\"wp-block-paragraph\" style=\"text-align: center;\">L&rsquo;association compte juste un peu moins de\u00a0 50 membres actifs et plus de 200 v\u00e9hicules<\/p>\r\n\r\n\r\n\r\n<p class=\"wp-block-paragraph\" style=\"text-align: center;\">Elle est affili\u00e9e \u00e0 la FFVE (lien \u00e0 droite sur le bandeau sup\u00e9rieur).<\/p>\r\n<h2 style=\"text-align: center;\">\u00a0<\/h2>\r\n","protected":false},"excerpt":{"rendered":"<p>Les Fous de l&rsquo;Auto est une association non lucrative fond\u00e9e en 1997 \u00e0 Saint Andr\u00e9 de Cubzac. L&rsquo;association compte juste un peu moins de\u00a0 50 membres actifs et plus de 200 v\u00e9hicules Elle est affili\u00e9e \u00e0 la FFVE (lien \u00e0 droite sur le bandeau sup\u00e9rieur). \u00a0<\/p>\n","protected":false},"author":1,"featured_media":30,"parent":0,"menu_order":1,"comment_status":"closed","ping_status":"closed","template":"page-templates\/full-width.php","meta":{"_crdt_document":"","_themeisle_gutenberg_block_has_review":false,"footnotes":""},"class_list":["post-32","page","type-page","status-publish","has-post-thumbnail","hentry"],"_links":{"self":[{"href":"https:\/\/lesfousdelauto.org\/index.php\/wp-json\/wp\/v2\/pages\/32","targetHints":{"allow":["GET"]}}],"collection":[{"href":"https:\/\/lesfousdelauto.org\/index.php\/wp-json\/wp\/v2\/pages"}],"about":[{"href":"https:\/\/lesfousdelauto.org\/index.php\/wp-json\/wp\/v2\/types\/page"}],"author":[{"embeddable":true,"href":"https:\/\/lesfousdelauto.org\/index.php\/wp-json\/wp\/v2\/users\/1"}],"replies":[{"embeddable":true,"href":"https:\/\/lesfousdelauto.org\/index.php\/wp-json\/wp\/v2\/comments?post=32"}],"version-history":[{"count":26,"href":"https:\/\/lesfousdelauto.org\/index.php\/wp-json\/wp\/v2\/pages\/32\/revisions"}],"predecessor-version":[{"id":370,"href":"https:\/\/lesfousdelauto.org\/index.php\/wp-json\/wp\/v2\/pages\/32\/revisions\/370"}],"wp:featuredmedia":[{"embeddable":true,"href":"https:\/\/lesfousdelauto.org\/index.php\/wp-json\/wp\/v2\/media\/30"}],"wp:attachment":[{"href":"https:\/\/lesfousdelauto.org\/index.php\/wp-json\/wp\/v2\/media?parent=32"}],"curies":[{"name":"wp","href":"https:\/\/api.w.org\/{rel}","templated":true}]}}